{"id":22,"date":"2017-06-27T10:54:17","date_gmt":"2017-06-27T10:54:17","guid":{"rendered":"http:\/\/portoeventos.com.br\/index.php\/contacts\/"},"modified":"2024-07-06T19:35:39","modified_gmt":"2024-07-06T22:35:39","slug":"contato","status":"publish","type":"page","link":"https:\/\/portoeventos.com.br\/index.php\/contato\/","title":{"rendered":"Contato"},"content":{"rendered":"<div class=\"wpb-content-wrapper\"><p>[vc_row][vc_column][vc_empty_space alter_height=&#8221;huge&#8221; hide_on_mobile=&#8221;&#8221;]<div id=\"sc_content_905324387\"\n\t\tclass=\"sc_content color_style_default sc_content_grey sc_float_center\"><div class=\"sc_content_container\">[vc_row_inner][vc_column_inner width=&#8221;1\/2&#8243;]<div id=\"sc_googlemap_1768974418_wrap\" class=\"sc_googlemap_wrap\"><div id=\"sc_googlemap_1768974418\"\n\t\t\tclass=\"sc_googlemap sc_googlemap_default\"\n\t\t\t style=\"width:100%;height:645px;\"\t\t\tdata-zoom=\"12\"\n\t\t\tdata-style=\"grey\"\n\t\t\tdata-cluster-icon=\"\"\n        ><iframe\n                    src=\"https:\/\/maps.google.com\/maps?t=m&output=embed&iwloc=near&z=12&q=Avenida+das+Am%C3%A9ricas%2C+120A+-+Guaratiba\"\n                    scrolling=\"no\"\n                    marginheight=\"0\"\n                    marginwidth=\"0\"\n                    frameborder=\"0\"\n                    aria-label=\"\"><\/iframe><\/div><\/div><!-- \/.sc_googlemap_wrap -->[\/vc_column_inner][vc_column_inner width=&#8221;1\/2&#8243; offset=&#8221;vc_col-md-offset-1 vc_col-md-5&#8243;]<div id=\"sc_title_159799814\"\n\t\tclass=\"sc_title color_style_default sc_title_default\"><h6 class=\"sc_item_subtitle sc_title_subtitle sc_align_left sc_item_title_style_default\">Nossos Contatos<\/h6><h3 class=\"sc_item_title sc_title_title sc_align_left sc_item_title_style_default\">Estamos esperando voc\u00eas<\/h3><div class=\"sc_item_descr sc_title_descr sc_align_left\"><p>Ser\u00e1 um prazer fazer parte do seu evento. Fale com nossa equipe e fa\u00e7a seu or\u00e7amento.<\/p>\n<\/div><\/div><!-- \/.sc_title --><div id=\"sc_icons_1719840461\" \n\tclass=\"sc_icons sc_icons_default sc_icons_size_small sc_align_left\"><div class=\"sc_icons_item sc_icons_item_linked\"><div id=\"sc_icons_1719840461_icon-icon_phone\" class=\"sc_icons_icon sc_icon_type_ icon-icon_phone\"\n\t\t\t\t\t\t\t\t\t\t\t\t><span class=\"sc_icon_type_ icon-icon_phone\"><\/span><\/div><h4 class=\"sc_icons_item_title\"><span>Fale Conosco<\/span><\/h4><a href=\"https:\/\/api.whatsapp.com\/send\/?phone=5521992299009&#038;text&#038;type=phone_number&#038;app_absent=0\" class=\"sc_icons_item_link\"><\/a><\/div><div class=\"sc_icons_item\"><div id=\"sc_icons_1719840461_icon-icon_clock\" class=\"sc_icons_icon sc_icon_type_ icon-icon_clock\"\n\t\t\t\t\t\t\t\t\t\t\t\t><span class=\"sc_icon_type_ icon-icon_clock\"><\/span><\/div><h4 class=\"sc_icons_item_title\"><span>Hor\u00e1rios 8:00 - 18:00<\/span><\/h4><\/div><div class=\"sc_icons_item\"><div id=\"sc_icons_1719840461_icon-icon_pin\" class=\"sc_icons_icon sc_icon_type_ icon-icon_pin\"\n\t\t\t\t\t\t\t\t\t\t\t\t><span class=\"sc_icon_type_ icon-icon_pin\"><\/span><\/div><h4 class=\"sc_icons_item_title\"><span>Avenida das Am\u00e9ricas, 120A<\/span><\/h4><\/div><div class=\"sc_icons_item sc_icons_item_linked\"><div id=\"sc_icons_1719840461_icon-icon_envelope\" class=\"sc_icons_icon sc_icon_type_ icon-icon_envelope\"\n\t\t\t\t\t\t\t\t\t\t\t\t><span class=\"sc_icon_type_ icon-icon_envelope\"><\/span><\/div><h4 class=\"sc_icons_item_title\"><span>atendimento@portoeventos.com.br<\/span><\/h4><a href=\"mailto:atendimento@portoeventos.com.br\" class=\"sc_icons_item_link\"><\/a><\/div><\/div><!-- \/.sc_icons -->[\/vc_column_inner][\/vc_row_inner]<\/div><\/div><!-- \/.sc_content -->[vc_empty_space alter_height=&#8221;huge&#8221; hide_on_mobile=&#8221;&#8221;][\/vc_column][\/vc_row]<\/p>\n<\/div>","protected":false},"excerpt":{"rendered":"<p>[vc_row][vc_column][vc_empty_space alter_height=&#8221;huge&#8221; hide_on_mobile=&#8221;&#8221;][vc_empty_space alter_height=&#8221;huge&#8221; hide_on_mobile=&#8221;&#8221;][\/vc_column][\/vc_row]<\/p>\n","protected":false},"author":1,"featured_media":0,"parent":0,"menu_order":0,"comment_status":"closed","ping_status":"closed","template":"","meta":{"footnotes":""},"class_list":["post-22","page","type-page","status-publish","hentry"],"yoast_head":"<!-- This site is optimized with the Yoast SEO plugin v23.0 - https:\/\/yoast.com\/wordpress\/plugins\/seo\/ -->\n<title>Contato - Porto Eventos<\/title>\n<meta name=\"robots\" content=\"index, follow, max-snippet:-1, max-image-preview:large, max-video-preview:-1\" \/>\n<link rel=\"canonical\" href=\"https:\/\/portoeventos.com.br\/index.php\/contato\/\" \/>\n<meta property=\"og:locale\" content=\"en_US\" \/>\n<meta property=\"og:type\" content=\"article\" \/>\n<meta property=\"og:title\" content=\"Contato - Porto Eventos\" \/>\n<meta property=\"og:description\" content=\"[vc_row][vc_column][vc_empty_space alter_height=&#8221;huge&#8221; hide_on_mobile=&#8221;&#8221;][vc_empty_space alter_height=&#8221;huge&#8221; hide_on_mobile=&#8221;&#8221;][\/vc_column][\/vc_row]\" \/>\n<meta property=\"og:url\" content=\"https:\/\/portoeventos.com.br\/index.php\/contato\/\" \/>\n<meta property=\"og:site_name\" content=\"Porto Eventos\" \/>\n<meta property=\"article:publisher\" content=\"https:\/\/www.instagram.com\/porto_eventos1\/\" \/>\n<meta property=\"article:modified_time\" content=\"2024-07-06T22:35:39+00:00\" \/>\n<meta name=\"twitter:card\" content=\"summary_large_image\" \/>\n<meta name=\"twitter:label1\" content=\"Est. reading time\" \/>\n\t<meta name=\"twitter:data1\" content=\"1 minute\" \/>\n<script type=\"application\/ld+json\" class=\"yoast-schema-graph\">{\"@context\":\"https:\/\/schema.org\",\"@graph\":[{\"@type\":\"WebPage\",\"@id\":\"https:\/\/portoeventos.com.br\/index.php\/contato\/\",\"url\":\"https:\/\/portoeventos.com.br\/index.php\/contato\/\",\"name\":\"Contato - Porto Eventos\",\"isPartOf\":{\"@id\":\"https:\/\/portoeventos.com.br\/#website\"},\"datePublished\":\"2017-06-27T10:54:17+00:00\",\"dateModified\":\"2024-07-06T22:35:39+00:00\",\"breadcrumb\":{\"@id\":\"https:\/\/portoeventos.com.br\/index.php\/contato\/#breadcrumb\"},\"inLanguage\":\"en-US\",\"potentialAction\":[{\"@type\":\"ReadAction\",\"target\":[\"https:\/\/portoeventos.com.br\/index.php\/contato\/\"]}]},{\"@type\":\"BreadcrumbList\",\"@id\":\"https:\/\/portoeventos.com.br\/index.php\/contato\/#breadcrumb\",\"itemListElement\":[{\"@type\":\"ListItem\",\"position\":1,\"name\":\"In\u00edcio\",\"item\":\"https:\/\/portoeventos.com.br\/\"},{\"@type\":\"ListItem\",\"position\":2,\"name\":\"Contato\"}]},{\"@type\":\"WebSite\",\"@id\":\"https:\/\/portoeventos.com.br\/#website\",\"url\":\"https:\/\/portoeventos.com.br\/\",\"name\":\"Porto Eventos\",\"description\":\"Loca\u00e7\u00f5es e Montagem de Eventos \",\"publisher\":{\"@id\":\"https:\/\/portoeventos.com.br\/#organization\"},\"potentialAction\":[{\"@type\":\"SearchAction\",\"target\":{\"@type\":\"EntryPoint\",\"urlTemplate\":\"https:\/\/portoeventos.com.br\/?s={search_term_string}\"},\"query-input\":\"required name=search_term_string\"}],\"inLanguage\":\"en-US\"},{\"@type\":\"Organization\",\"@id\":\"https:\/\/portoeventos.com.br\/#organization\",\"name\":\"Porto Eventos\",\"url\":\"https:\/\/portoeventos.com.br\/\",\"logo\":{\"@type\":\"ImageObject\",\"inLanguage\":\"en-US\",\"@id\":\"https:\/\/portoeventos.com.br\/#\/schema\/logo\/image\/\",\"url\":\"https:\/\/portoeventos.com.br\/wp-content\/uploads\/2024\/07\/logo-porto-2.png\",\"contentUrl\":\"https:\/\/portoeventos.com.br\/wp-content\/uploads\/2024\/07\/logo-porto-2.png\",\"width\":475,\"height\":160,\"caption\":\"Porto Eventos\"},\"image\":{\"@id\":\"https:\/\/portoeventos.com.br\/#\/schema\/logo\/image\/\"},\"sameAs\":[\"https:\/\/www.instagram.com\/porto_eventos1\/\"]}]}<\/script>\n<!-- \/ Yoast SEO plugin. -->","yoast_head_json":{"title":"Contato - Porto Eventos","robots":{"index":"index","follow":"follow","max-snippet":"max-snippet:-1","max-image-preview":"max-image-preview:large","max-video-preview":"max-video-preview:-1"},"canonical":"https:\/\/portoeventos.com.br\/index.php\/contato\/","og_locale":"en_US","og_type":"article","og_title":"Contato - Porto Eventos","og_description":"[vc_row][vc_column][vc_empty_space alter_height=&#8221;huge&#8221; hide_on_mobile=&#8221;&#8221;][vc_empty_space alter_height=&#8221;huge&#8221; hide_on_mobile=&#8221;&#8221;][\/vc_column][\/vc_row]","og_url":"https:\/\/portoeventos.com.br\/index.php\/contato\/","og_site_name":"Porto Eventos","article_publisher":"https:\/\/www.instagram.com\/porto_eventos1\/","article_modified_time":"2024-07-06T22:35:39+00:00","twitter_card":"summary_large_image","twitter_misc":{"Est. reading time":"1 minute"},"schema":{"@context":"https:\/\/schema.org","@graph":[{"@type":"WebPage","@id":"https:\/\/portoeventos.com.br\/index.php\/contato\/","url":"https:\/\/portoeventos.com.br\/index.php\/contato\/","name":"Contato - Porto Eventos","isPartOf":{"@id":"https:\/\/portoeventos.com.br\/#website"},"datePublished":"2017-06-27T10:54:17+00:00","dateModified":"2024-07-06T22:35:39+00:00","breadcrumb":{"@id":"https:\/\/portoeventos.com.br\/index.php\/contato\/#breadcrumb"},"inLanguage":"en-US","potentialAction":[{"@type":"ReadAction","target":["https:\/\/portoeventos.com.br\/index.php\/contato\/"]}]},{"@type":"BreadcrumbList","@id":"https:\/\/portoeventos.com.br\/index.php\/contato\/#breadcrumb","itemListElement":[{"@type":"ListItem","position":1,"name":"In\u00edcio","item":"https:\/\/portoeventos.com.br\/"},{"@type":"ListItem","position":2,"name":"Contato"}]},{"@type":"WebSite","@id":"https:\/\/portoeventos.com.br\/#website","url":"https:\/\/portoeventos.com.br\/","name":"Porto Eventos","description":"Loca\u00e7\u00f5es e Montagem de Eventos ","publisher":{"@id":"https:\/\/portoeventos.com.br\/#organization"},"potentialAction":[{"@type":"SearchAction","target":{"@type":"EntryPoint","urlTemplate":"https:\/\/portoeventos.com.br\/?s={search_term_string}"},"query-input":"required name=search_term_string"}],"inLanguage":"en-US"},{"@type":"Organization","@id":"https:\/\/portoeventos.com.br\/#organization","name":"Porto Eventos","url":"https:\/\/portoeventos.com.br\/","logo":{"@type":"ImageObject","inLanguage":"en-US","@id":"https:\/\/portoeventos.com.br\/#\/schema\/logo\/image\/","url":"https:\/\/portoeventos.com.br\/wp-content\/uploads\/2024\/07\/logo-porto-2.png","contentUrl":"https:\/\/portoeventos.com.br\/wp-content\/uploads\/2024\/07\/logo-porto-2.png","width":475,"height":160,"caption":"Porto Eventos"},"image":{"@id":"https:\/\/portoeventos.com.br\/#\/schema\/logo\/image\/"},"sameAs":["https:\/\/www.instagram.com\/porto_eventos1\/"]}]}},"_links":{"self":[{"href":"https:\/\/portoeventos.com.br\/index.php\/wp-json\/wp\/v2\/pages\/22","targetHints":{"allow":["GET"]}}],"collection":[{"href":"https:\/\/portoeventos.com.br\/index.php\/wp-json\/wp\/v2\/pages"}],"about":[{"href":"https:\/\/portoeventos.com.br\/index.php\/wp-json\/wp\/v2\/types\/page"}],"author":[{"embeddable":true,"href":"https:\/\/portoeventos.com.br\/index.php\/wp-json\/wp\/v2\/users\/1"}],"replies":[{"embeddable":true,"href":"https:\/\/portoeventos.com.br\/index.php\/wp-json\/wp\/v2\/comments?post=22"}],"version-history":[{"count":3,"href":"https:\/\/portoeventos.com.br\/index.php\/wp-json\/wp\/v2\/pages\/22\/revisions"}],"predecessor-version":[{"id":178,"href":"https:\/\/portoeventos.com.br\/index.php\/wp-json\/wp\/v2\/pages\/22\/revisions\/178"}],"wp:attachment":[{"href":"https:\/\/portoeventos.com.br\/index.php\/wp-json\/wp\/v2\/media?parent=22"}],"curies":[{"name":"wp","href":"https:\/\/api.w.org\/{rel}","templated":true}]}}